{"id":36,"date":"2026-01-08T21:06:41","date_gmt":"2026-01-08T21:06:41","guid":{"rendered":"https:\/\/aldeahortus.mx\/?page_id=36"},"modified":"2026-02-03T19:31:46","modified_gmt":"2026-02-03T19:31:46","slug":"terminos-y-condiciones","status":"publish","type":"page","link":"https:\/\/aldeahortus.mx\/en\/terminos-y-condiciones\/","title":{"rendered":"Terms and Conditions"},"content":{"rendered":"<div data-elementor-type=\"wp-page\" data-elementor-id=\"36\" class=\"elementor elementor-36\" data-elementor-post-type=\"page\">\n\t\t\t\t<div class=\"elementor-element elementor-element-82c6ba8 e-flex e-con-boxed e-con e-parent\" data-id=\"82c6ba8\" data-element_type=\"container\" data-e-type=\"container\">\n\t\t\t\t\t<div class=\"e-con-inner\">\n\t\t\t\t<div class=\"elementor-element elementor-element-015247a elementor-widget elementor-widget-heading\" data-id=\"015247a\" data-element_type=\"widget\" data-e-type=\"widget\" data-widget_type=\"heading.default\">\n\t\t\t\t\t<h2 class=\"elementor-heading-title elementor-size-default\">Terms and Conditions of ALDEA HORTUS<\/h2>\t\t\t\t<\/div>\n\t\t\t\t<div class=\"elementor-element elementor-element-86f2e43 elementor-widget elementor-widget-text-editor\" data-id=\"86f2e43\" data-element_type=\"widget\" data-e-type=\"widget\" data-widget_type=\"text-editor.default\">\n\t\t\t\t\t\t\t\t\t<h4><b>1. Introduction<\/b><\/h4><p><span style=\"font-weight: 400;\">1.1. ALDEA HORTUS is an exclusive residential development located in Riviera Nayarit.<\/span><\/p><p><span style=\"font-weight: 400;\">1.2. By accessing and using this website, you agree to comply with these Terms and Conditions. If you do not agree with any part of these terms, we recommend that you do <\/span><b>not<\/b><span style=\"font-weight: 400;\"> use our site.<\/span><\/p><h4><b>2. Privacy and Security<\/b><\/h4><p><span style=\"font-weight: 400;\">2.1. We value your privacy. The information you provide will be used in accordance with our Privacy Policy, with the purpose of improving your experience and providing services related to ALDEA HORTUS.<\/span><\/p><p><span style=\"font-weight: 400;\">2.2. We are committed to protecting your information. However, we are not responsible for circumstances beyond our control that may compromise its security.<\/span><\/p><h4><b>3. Intellectual Property<\/b><\/h4><p><span style=\"font-weight: 400;\">3.1. All content on this website\u2014including, but not limited to, text, images, logos, and graphics\u2014is the exclusive property of ALDEA HORTUS or its licensors. Reproduction, distribution, or use without prior written authorization is strictly prohibited.<\/span><\/p><h4><b>4. Contact<\/b><\/h4><p><span style=\"font-weight: 400;\">4.1. For questions, comments, or clarifications regarding these Terms and Conditions, you may contact us through the channels indicated on our official website.<\/span><\/p><h4><b>5. User Responsibility<\/b><\/h4><p><span style=\"font-weight: 400;\">5.1. As a user of ALDEA HORTUS, you are responsible for maintaining the confidentiality of your personal information and for all activities that occur under your account, if applicable.<\/span><\/p><p><span style=\"font-weight: 400;\">5.2. You must notify us immediately of any unauthorized use of your account or any breach of security.<\/span><\/p><h4><b>6. Restrictions of Use<\/b><\/h4><p><span style=\"font-weight: 400;\">6.1. Any misuse of the website is strictly prohibited, including alterations, attempts of unauthorized access, introduction of viruses, or any action that may damage the functionality or integrity of the site.<\/span><\/p><h4><b>7. Modifications<\/b><\/h4><p><span style=\"font-weight: 400;\">7.1. ALDEA HORTUS reserves the right to modify these Terms and Conditions at any time without prior notice. Changes will become effective upon publication on this page. We recommend reviewing it periodically.<\/span><\/p><h4><b>8. Governing Law<\/b><\/h4><p><span style=\"font-weight: 400;\">8.1. These Terms and Conditions are governed by the laws of the State of Nayarit, Mexico. Any dispute shall be resolved by the competent courts of that jurisdiction.<\/span><\/p>\t\t\t\t\t\t\t\t<\/div>\n\t\t\t\t\t<\/div>\n\t\t\t\t<\/div>\n\t\t\t\t<\/div>","protected":false},"excerpt":{"rendered":"<p>T\u00e9rminos y Condiciones de ALDEA HORTUS 1. Introducci\u00f3n 1.1. ALDEA HORTUSes un desarrollo residencial exclusivo ubicado en Riviera Nayarit. 1.2. Al acceder y utilizar este sitio web, aceptas cumplir con estos t\u00e9rminos y condiciones. Si no est\u00e1s de acuerdo con alguna parte de estos t\u00e9rminos, te invitamos a no utilizar nuestro sitio. 2. Privacidad y [&hellip;]<\/p>\n","protected":false},"author":2,"featured_media":0,"parent":0,"menu_order":0,"comment_status":"closed","ping_status":"closed","template":"","meta":{"footnotes":""},"class_list":["post-36","page","type-page","status-publish","hentry"],"_links":{"self":[{"href":"https:\/\/aldeahortus.mx\/en\/wp-json\/wp\/v2\/pages\/36","targetHints":{"allow":["GET"]}}],"collection":[{"href":"https:\/\/aldeahortus.mx\/en\/wp-json\/wp\/v2\/pages"}],"about":[{"href":"https:\/\/aldeahortus.mx\/en\/wp-json\/wp\/v2\/types\/page"}],"author":[{"embeddable":true,"href":"https:\/\/aldeahortus.mx\/en\/wp-json\/wp\/v2\/users\/2"}],"replies":[{"embeddable":true,"href":"https:\/\/aldeahortus.mx\/en\/wp-json\/wp\/v2\/comments?post=36"}],"version-history":[{"count":4,"href":"https:\/\/aldeahortus.mx\/en\/wp-json\/wp\/v2\/pages\/36\/revisions"}],"predecessor-version":[{"id":654,"href":"https:\/\/aldeahortus.mx\/en\/wp-json\/wp\/v2\/pages\/36\/revisions\/654"}],"wp:attachment":[{"href":"https:\/\/aldeahortus.mx\/en\/wp-json\/wp\/v2\/media?parent=36"}],"curies":[{"name":"wp","href":"https:\/\/api.w.org\/{rel}","templated":true}]}}