{"id":33,"date":"2026-01-08T21:06:11","date_gmt":"2026-01-08T21:06:11","guid":{"rendered":"https:\/\/aldeahortus.mx\/?page_id=33"},"modified":"2026-02-03T19:27:18","modified_gmt":"2026-02-03T19:27:18","slug":"aviso-de-privacidad","status":"publish","type":"page","link":"https:\/\/aldeahortus.mx\/es_es\/aviso-de-privacidad\/","title":{"rendered":"Aviso de Privacidad"},"content":{"rendered":"\t\t<div data-elementor-type=\"wp-page\" data-elementor-id=\"33\" class=\"elementor elementor-33\" data-elementor-post-type=\"page\">\n\t\t\t\t<div class=\"elementor-element elementor-element-ed16274 e-flex e-con-boxed e-con e-parent\" data-id=\"ed16274\" data-element_type=\"container\" data-e-type=\"container\">\n\t\t\t\t\t<div class=\"e-con-inner\">\n\t\t\t\t<div class=\"elementor-element elementor-element-35a693f elementor-widget elementor-widget-heading\" data-id=\"35a693f\" data-element_type=\"widget\" data-e-type=\"widget\" data-widget_type=\"heading.default\">\n\t\t\t\t\t<h2 class=\"elementor-heading-title elementor-size-default\">Aviso de Privacidad<\/h2>\t\t\t\t<\/div>\n\t\t\t\t<div class=\"elementor-element elementor-element-2b0d6b1 elementor-widget elementor-widget-text-editor\" data-id=\"2b0d6b1\" data-element_type=\"widget\" data-e-type=\"widget\" data-widget_type=\"text-editor.default\">\n\t\t\t\t\t\t\t\t\t<p><b>Estimado Cliente \/ Proveedor:<\/b><\/p><p><span style=\"font-weight: 400;\">Con fundamento en los art\u00edculos 9, 15 y 16 de la <\/span><i><span style=\"font-weight: 400;\">Ley Federal de Protecci\u00f3n de Datos Personales en Posesi\u00f3n de los Particulares<\/span><\/i><span style=\"font-weight: 400;\">, le informamos que <\/span><b>Ingenier\u00eda Mexicana y Construcciones S.A. de C.V.<\/b><span style=\"font-weight: 400;\"> (en adelante, \u201c<\/span><b>ALDEA HORTUS<\/b><span style=\"font-weight: 400;\">\u201d), con domicilio en <\/span><b>Av. Las palmas #820 Local 7 Col. Las juntas Puerto Vallarta, Jal. C.p. 48291.<\/b><span style=\"font-weight: 400;\">, es responsable del uso y protecci\u00f3n de sus datos personales y, en su caso, de sus datos personales sensibles.<\/span><\/p><p><span style=\"font-weight: 400;\">Por lo anterior, hacemos de su conocimiento lo siguiente:<br \/><br \/><\/span><\/p><h3><b>Finalidades primarias del tratamiento de datos personales<\/b><\/h3><p><span style=\"font-weight: 400;\">ALDEA HORTUS tratar\u00e1 sus datos personales con el objeto de llevar a cabo actividades relacionadas con la operaci\u00f3n, promoci\u00f3n, comercializaci\u00f3n y gesti\u00f3n de bienes inmuebles dentro del desarrollo residencial ubicado en Riviera Nayarit, as\u00ed como para dar cumplimiento a las obligaciones derivadas de cualquier relaci\u00f3n comercial, contractual o jur\u00eddica que se establezca con usted, incluyendo pero no limitado a:<\/span><\/p><ul><li style=\"font-weight: 400;\" aria-level=\"1\"><span style=\"font-weight: 400;\">Confirmar su identidad y\/o la de su representante legal.<\/span><span style=\"font-weight: 400;\"><br \/><br \/><\/span><\/li><li style=\"font-weight: 400;\" aria-level=\"1\"><span style=\"font-weight: 400;\">Establecer comunicaci\u00f3n y seguimiento respecto a su inter\u00e9s o relaci\u00f3n con nuestros inmuebles.<\/span><span style=\"font-weight: 400;\"><br \/><br \/><\/span><\/li><li style=\"font-weight: 400;\" aria-level=\"1\"><span style=\"font-weight: 400;\">Verificar la informaci\u00f3n que nos proporciona.<\/span><span style=\"font-weight: 400;\"><br \/><br \/><\/span><\/li><li style=\"font-weight: 400;\" aria-level=\"1\"><span style=\"font-weight: 400;\">Programar y realizar visitas al desarrollo.<\/span><span style=\"font-weight: 400;\"><br \/><br \/><\/span><\/li><li style=\"font-weight: 400;\" aria-level=\"1\"><span style=\"font-weight: 400;\">Elaborar cotizaciones, propuestas o contratos de compraventa, promesa de compraventa o arrendamiento.<\/span><span style=\"font-weight: 400;\"><br \/><br \/><\/span><\/li><li style=\"font-weight: 400;\" aria-level=\"1\"><span style=\"font-weight: 400;\">Emitir facturas y otros documentos fiscales.<\/span><span style=\"font-weight: 400;\"><br \/><br \/><\/span><\/li><li style=\"font-weight: 400;\" aria-level=\"1\"><span style=\"font-weight: 400;\">Administrar su expediente como cliente o proveedor.<\/span><span style=\"font-weight: 400;\"><br \/><br \/><\/span><\/li><li style=\"font-weight: 400;\" aria-level=\"1\"><span style=\"font-weight: 400;\">Cumplir con disposiciones legales o requerimientos de autoridades competentes.<\/span><span style=\"font-weight: 400;\"><br \/><br \/><\/span><\/li><li style=\"font-weight: 400;\" aria-level=\"1\"><span style=\"font-weight: 400;\">Gestionar pagos, cobranza y cualquier otro acto necesario para la formalizaci\u00f3n de operaciones.<\/span><span style=\"font-weight: 400;\"><br \/><br \/><\/span><\/li><li style=\"font-weight: 400;\" aria-level=\"1\"><span style=\"font-weight: 400;\">Proporcionarle soporte postventa, incluyendo atenci\u00f3n a garant\u00edas, mantenimiento o servicios adicionales.<\/span><span style=\"font-weight: 400;\"><br \/><br \/><\/span><\/li><li style=\"font-weight: 400;\" aria-level=\"1\"><span style=\"font-weight: 400;\">Videograbar instalaciones y \u00e1reas comunes por motivos de seguridad.<\/span><span style=\"font-weight: 400;\"><br \/><br \/><\/span><\/li><\/ul><h3><b><br \/>Finalidades secundarias del tratamiento<\/b><\/h3><p><span style=\"font-weight: 400;\">Adicionalmente, sus datos personales podr\u00e1n ser utilizados para finalidades que no son necesarias para la relaci\u00f3n jur\u00eddica, pero que permiten brindarle una mejor atenci\u00f3n, tales como:<\/span><\/p><ul><li style=\"font-weight: 400;\" aria-level=\"1\"><span style=\"font-weight: 400;\">Informarle sobre eventos, aperturas, lanzamientos u otras actividades organizadas por ALDEA HORTUS.<\/span><span style=\"font-weight: 400;\"><br \/><br \/><\/span><\/li><li style=\"font-weight: 400;\" aria-level=\"1\"><span style=\"font-weight: 400;\">Enviarle boletines, promociones o campa\u00f1as informativas relacionadas con el desarrollo o con futuros proyectos.<\/span><span style=\"font-weight: 400;\"><br \/><br \/><\/span><\/li><li style=\"font-weight: 400;\" aria-level=\"1\"><span style=\"font-weight: 400;\">Realizar encuestas de satisfacci\u00f3n, estudios de mercado y an\u00e1lisis de consumo.<\/span><span style=\"font-weight: 400;\"><br \/><br \/><\/span><\/li><li style=\"font-weight: 400;\" aria-level=\"1\"><span style=\"font-weight: 400;\">Generar estad\u00edsticas para mejorar la calidad de nuestros productos y servicios.<\/span><span style=\"font-weight: 400;\"><br \/><br \/><\/span><\/li><li style=\"font-weight: 400;\" aria-level=\"1\"><span style=\"font-weight: 400;\">Integrar y mantener actualizada una base de datos de clientes y prospectos.<\/span><span style=\"font-weight: 400;\"><br \/><br \/><\/span><\/li><li style=\"font-weight: 400;\" aria-level=\"1\"><span style=\"font-weight: 400;\">Procesar sus comentarios, sugerencias o aclaraciones.<\/span><span style=\"font-weight: 400;\"><br \/><br \/><\/span><\/li><\/ul><p><span style=\"font-weight: 400;\">Usted podr\u00e1 oponerse al uso de sus datos para estas finalidades secundarias enviando una solicitud conforme al procedimiento que se describe m\u00e1s adelante.<\/span><\/p><h3><b><br \/>Modificaciones al Aviso de Privacidad<\/b><\/h3><p><span style=\"font-weight: 400;\">ALDEA HORTUS se reserva el derecho de modificar o actualizar este Aviso de Privacidad en cualquier momento, en atenci\u00f3n a cambios legislativos, pol\u00edticas internas o nuevos requerimientos. Las modificaciones estar\u00e1n disponibles a trav\u00e9s del sitio web:<\/span><\/p><p><span style=\"font-weight: 400;\"><br \/><\/span><a href=\"https:\/\/aldeahortus.mx\/\"><span style=\"font-weight: 400;\">https:\/\/aldeahortus.mx\/<\/span><\/a><span style=\"font-weight: 400;\">\u00a0<\/span><\/p><h3><b><br \/>Ejercicio de derechos ARCO y contacto<\/b><\/h3><p><span style=\"font-weight: 400;\">Usted tiene derecho a acceder, rectificar, cancelar u oponerse al uso de sus datos personales (Derechos ARCO), as\u00ed como a limitar su uso o revocar el consentimiento otorgado. Para ello, podr\u00e1 enviar una solicitud al correo electr\u00f3nico:\u00a0<\/span><\/p><p><span style=\"font-weight: 400;\">contacto@ingenieriamexicana.mx<\/span><\/p><p><span style=\"font-weight: 400;\">La solicitud deber\u00e1 contener:<\/span><\/p><ul><li style=\"font-weight: 400;\" aria-level=\"1\"><span style=\"font-weight: 400;\">Nombre completo del titular y medio de contacto.<\/span><span style=\"font-weight: 400;\"><br \/><br \/><\/span><\/li><li style=\"font-weight: 400;\" aria-level=\"1\"><span style=\"font-weight: 400;\">Copia de identificaci\u00f3n oficial.<\/span><span style=\"font-weight: 400;\"><br \/><br \/><\/span><\/li><li style=\"font-weight: 400;\" aria-level=\"1\"><span style=\"font-weight: 400;\">Descripci\u00f3n clara del derecho que desea ejercer.<\/span><span style=\"font-weight: 400;\"><br \/><br \/><\/span><\/li><li style=\"font-weight: 400;\" aria-level=\"1\"><span style=\"font-weight: 400;\">Documentaci\u00f3n de respaldo, en su caso.<\/span><span style=\"font-weight: 400;\"><br \/><br \/><\/span><\/li><\/ul><p><span style=\"font-weight: 400;\">ALDEA HORTUS atender\u00e1 su solicitud conforme a los plazos y procedimientos establecidos en la Ley.<\/span><\/p><p><b>\u00daltima actualizaci\u00f3n:<\/b> <i><span style=\"font-weight: 400;\">30 de enero de 2026<\/span><\/i><\/p><p>\u00a0<\/p>\t\t\t\t\t\t\t\t<\/div>\n\t\t\t\t\t<\/div>\n\t\t\t\t<\/div>\n\t\t\t\t<\/div>\n\t\t","protected":false},"excerpt":{"rendered":"<p>Aviso de Privacidad Estimado Cliente \/ Proveedor: Con fundamento en los art\u00edculos 9, 15 y 16 de la Ley Federal de Protecci\u00f3n de Datos Personales en Posesi\u00f3n de los Particulares, le informamos que Ingenier\u00eda Mexicana y Construcciones S.A. de C.V. (en adelante, \u201cALDEA HORTUS\u201d), con domicilio en Av. Las palmas #820 Local 7 Col. Las [&hellip;]<\/p>\n","protected":false},"author":2,"featured_media":0,"parent":0,"menu_order":0,"comment_status":"closed","ping_status":"closed","template":"","meta":{"footnotes":""},"class_list":["post-33","page","type-page","status-publish","hentry"],"_links":{"self":[{"href":"https:\/\/aldeahortus.mx\/es_es\/wp-json\/wp\/v2\/pages\/33","targetHints":{"allow":["GET"]}}],"collection":[{"href":"https:\/\/aldeahortus.mx\/es_es\/wp-json\/wp\/v2\/pages"}],"about":[{"href":"https:\/\/aldeahortus.mx\/es_es\/wp-json\/wp\/v2\/types\/page"}],"author":[{"embeddable":true,"href":"https:\/\/aldeahortus.mx\/es_es\/wp-json\/wp\/v2\/users\/2"}],"replies":[{"embeddable":true,"href":"https:\/\/aldeahortus.mx\/es_es\/wp-json\/wp\/v2\/comments?post=33"}],"version-history":[{"count":7,"href":"https:\/\/aldeahortus.mx\/es_es\/wp-json\/wp\/v2\/pages\/33\/revisions"}],"predecessor-version":[{"id":651,"href":"https:\/\/aldeahortus.mx\/es_es\/wp-json\/wp\/v2\/pages\/33\/revisions\/651"}],"wp:attachment":[{"href":"https:\/\/aldeahortus.mx\/es_es\/wp-json\/wp\/v2\/media?parent=33"}],"curies":[{"name":"wp","href":"https:\/\/api.w.org\/{rel}","templated":true}]}}